{"id":205,"date":"2024-09-25T15:42:04","date_gmt":"2024-09-25T15:42:04","guid":{"rendered":"https:\/\/apeen25.gapeer.ubi.pt\/?page_id=205"},"modified":"2025-02-20T13:39:05","modified_gmt":"2025-02-20T13:39:05","slug":"committee","status":"publish","type":"page","link":"https:\/\/apeen25.gapeer.ubi.pt\/?page_id=205","title":{"rendered":"Committee"},"content":{"rendered":"\t\t<div data-elementor-type=\"wp-page\" data-elementor-id=\"205\" class=\"elementor elementor-205\">\n\t\t\t\t<div class=\"elementor-element elementor-element-4bcaa16 e-flex e-con-boxed e-con e-parent\" data-id=\"4bcaa16\" data-element_type=\"container\">\n\t\t\t\t\t<div class=\"e-con-inner\">\n\t\t\t\t<div class=\"elementor-element elementor-element-e37055c elementor-widget elementor-widget-heading\" data-id=\"e37055c\" data-element_type=\"widget\" data-widget_type=\"heading.default\">\n\t\t\t\t<div class=\"elementor-widget-container\">\n\t\t\t\t\t<h2 class=\"elementor-heading-title elementor-size-default\">Scientific Committee<\/h2>\t\t\t\t<\/div>\n\t\t\t\t<\/div>\n\t\t\t\t\t<\/div>\n\t\t\t\t<\/div>\n\t\t<div class=\"elementor-element elementor-element-b1002bb e-flex e-con-boxed e-con e-parent\" data-id=\"b1002bb\" data-element_type=\"container\">\n\t\t\t\t\t<div class=\"e-con-inner\">\n\t\t\t\t<div class=\"elementor-element elementor-element-5c1cc40 elementor-widget elementor-widget-spacer\" data-id=\"5c1cc40\" data-element_type=\"widget\" data-widget_type=\"spacer.default\">\n\t\t\t\t<div class=\"elementor-widget-container\">\n\t\t\t\t\t\t\t<div class=\"elementor-spacer\">\n\t\t\t<div class=\"elementor-spacer-inner\"><\/div>\n\t\t<\/div>\n\t\t\t\t\t\t<\/div>\n\t\t\t\t<\/div>\n\t\t\t\t\t<\/div>\n\t\t\t\t<\/div>\n\t\t<div class=\"elementor-element elementor-element-fa2b918 e-grid e-con-boxed e-con e-parent\" data-id=\"fa2b918\" data-element_type=\"container\">\n\t\t\t\t\t<div class=\"e-con-inner\">\n\t\t\t\t<div class=\"elementor-element elementor-element-ee82eb6 elementor-widget elementor-widget-text-editor\" data-id=\"ee82eb6\" data-element_type=\"widget\" data-widget_type=\"text-editor.default\">\n\t\t\t\t<div class=\"elementor-widget-container\">\n\t\t\t\t\t\t\t\t\t<p style=\"font-size: 11.0pt; font-family: 'Aptos',sans-serif; line-height: normal; margin: 0cm;\">Aitor Ciarreta<\/p><p style=\"font-size: 11.0pt; font-family: 'Aptos',sans-serif; margin: 0cm 0cm 8.0pt 0cm;\"><em><span style=\"font-size: 12px;\">The University of the Basque Country, UPV\/EHU<\/span><\/em><\/p><p style=\"font-size: 11.0pt; font-family: 'Aptos',sans-serif; line-height: normal; margin: 0cm;\">Andreas L\u00f6schel<\/p><p style=\"font-size: 11.0pt; font-family: 'Aptos',sans-serif; margin: 0cm 0cm 8.0pt 0cm;\"><em><span style=\"font-size: 12px; line-height: 107%;\">Ruhr-Universit\u00e4t Bochum<\/span><\/em><\/p><p style=\"font-size: 11.0pt; font-family: 'Aptos',sans-serif; line-height: normal; margin: 0cm;\">Ant\u00f3nio Marques<\/p><p style=\"font-size: 11.0pt; font-family: 'Aptos',sans-serif; margin: 0cm 0cm 8.0pt 0cm;\"><em><span style=\"font-size: 12px; line-height: 107%;\">University of Beira Interior<\/span><\/em><\/p><p style=\"font-size: 11.0pt; font-family: 'Aptos',sans-serif; line-height: normal; margin: 0cm;\">Carlos Pinho<\/p><p style=\"font-size: 11.0pt; font-family: 'Aptos',sans-serif; margin: 0cm 0cm 8.0pt 0cm;\"><em><span style=\"font-size: 12px; line-height: 107%;\">University of Aveiro<\/span><\/em><\/p><p style=\"font-size: 11.0pt; font-family: 'Aptos',sans-serif; line-height: normal; margin: 0cm;\">David Newbery<\/p><p style=\"font-size: 11.0pt; font-family: 'Aptos',sans-serif; margin: 0cm 0cm 8.0pt 0cm;\"><em><span style=\"font-size: 12px; line-height: 107%;\">University of Cambridge<\/span><\/em><\/p><p style=\"font-size: 11.0pt; font-family: 'Aptos',sans-serif; line-height: normal; margin: 0cm;\">Daniela Macedo<\/p><p style=\"font-size: 11.0pt; font-family: 'Aptos',sans-serif; margin: 0cm 0cm 8.0pt 0cm;\"><em><span style=\"font-size: 12px; line-height: 107%;\">University of Beira Interior<\/span><\/em><\/p><p style=\"font-size: 11.0pt; font-family: 'Aptos',sans-serif; line-height: normal; margin: 0cm;\">Diogo Pereira<\/p><p style=\"font-size: 11.0pt; font-family: 'Aptos',sans-serif; margin: 0cm 0cm 8.0pt 0cm;\"><em><span style=\"font-size: 12px; line-height: 107%;\">University of Beira Interior<\/span><\/em><\/p><p style=\"font-size: 11.0pt; font-family: 'Aptos',sans-serif; line-height: normal; margin: 0cm;\">Eleni Kaplani<\/p><p style=\"font-size: 11.0pt; font-family: 'Aptos',sans-serif; margin: 0cm 0cm 8.0pt 0cm;\"><em><span style=\"font-size: 12px; line-height: 107%;\">University of East Anglia<\/span><\/em><\/p><p style=\"font-size: 11.0pt; font-family: 'Aptos',sans-serif; line-height: normal; margin: 0cm;\">Elisa Trujillo-Baute<\/p><p style=\"font-size: 11.0pt; font-family: 'Aptos',sans-serif; margin: 0cm 0cm 8.0pt 0cm;\"><em><span style=\"font-size: 12px; line-height: 107%;\">University of Lleida<\/span><\/em><\/p><p style=\"font-size: 11.0pt; font-family: 'Aptos',sans-serif; line-height: normal; margin: 0cm;\">Isabel Soares<\/p><p style=\"font-size: 11.0pt; font-family: 'Aptos',sans-serif; margin: 0cm 0cm 8.0pt 0cm;\"><em><span style=\"font-size: 12px; line-height: 107%;\">University of Porto<\/span><\/em><\/p><p style=\"font-size: 11.0pt; font-family: 'Aptos',sans-serif; line-height: normal; margin: 0cm;\">Jo\u00e3o Pedro Gouveia<\/p><p style=\"font-size: 11.0pt; font-family: 'Aptos',sans-serif; margin: 0cm 0cm 8.0pt 0cm;\"><em><span style=\"font-size: 12px; line-height: 107%;\">FCT, Universidade Nova de Lisboa<\/span><\/em><\/p><p style=\"font-size: 11.0pt; font-family: 'Aptos',sans-serif; line-height: normal; margin: 0cm;\">Joel Rodrigues<\/p><p style=\"font-size: 11.0pt; font-family: 'Aptos',sans-serif; margin: 0cm 0cm 8.0pt 0cm;\"><em><span style=\"font-size: 12px; line-height: 107%;\">IEEE Communications Society<\/span><\/em><\/p><p style=\"font-size: 11.0pt; font-family: 'Aptos',sans-serif; line-height: normal; margin: 0cm;\">Jorge Sousa<\/p><p style=\"font-size: 11.0pt; font-family: 'Aptos',sans-serif; margin: 0cm 0cm 8.0pt 0cm;\"><em><span style=\"font-size: 12px; line-height: 107%;\">Instituto Superior de Engenharia de Lisboa<\/span><\/em><\/p>\t\t\t\t\t\t\t\t<\/div>\n\t\t\t\t<\/div>\n\t\t\t\t<div class=\"elementor-element elementor-element-81bb112 elementor-widget elementor-widget-text-editor\" data-id=\"81bb112\" data-element_type=\"widget\" data-widget_type=\"text-editor.default\">\n\t\t\t\t<div class=\"elementor-widget-container\">\n\t\t\t\t\t\t\t\t\t<p style=\"font-size: 11.0pt; font-family: 'Aptos',sans-serif; line-height: normal; margin: 0cm;\">J\u00falia Seixas<\/p>\n<p style=\"font-size: 11.0pt; font-family: 'Aptos',sans-serif; margin: 0cm 0cm 8.0pt 0cm;\"><em><span style=\"font-size: 12px; line-height: 107%;\">FCT, Universidade Nova de Lisboa<\/span><\/em><\/p>\n<p style=\"font-size: 11.0pt; font-family: 'Aptos',sans-serif; line-height: normal; margin: 0cm;\">Lu\u00eds Marques<\/p>\n<p style=\"font-size: 11.0pt; font-family: 'Aptos',sans-serif; margin: 0cm 0cm 8.0pt 0cm;\"><em><span style=\"font-size: 12px; line-height: 107%;\">University of Beira Interior<\/span><\/em><\/p>\n<p style=\"font-size: 11.0pt; font-family: 'Aptos',sans-serif; line-height: normal; margin: 0cm;\">Mara Madaleno<\/p>\n<p style=\"font-size: 11.0pt; font-family: 'Aptos',sans-serif; margin: 0cm 0cm 8.0pt 0cm;\"><em><span style=\"font-size: 12px; line-height: 107%;\">University of Aveiro<\/span><\/em><\/p>\n<p style=\"font-size: 11.0pt; font-family: 'Aptos',sans-serif; line-height: normal; margin: 0cm;\">Margarita Robaina<\/p>\n<p style=\"font-size: 11.0pt; font-family: 'Aptos',sans-serif; margin: 0cm 0cm 8.0pt 0cm;\"><em><span style=\"font-size: 12px; line-height: 107%;\">University of Aveiro<\/span><\/em><\/p>\n<p style=\"font-size: 11.0pt; font-family: 'Aptos',sans-serif; line-height: normal; margin: 0cm;\">Patr\u00edcia Pereira da Silva<\/p>\n<p style=\"font-size: 11.0pt; font-family: 'Aptos',sans-serif; margin: 0cm 0cm 8.0pt 0cm;\"><em><span style=\"font-size: 12px; line-height: 107%;\">FEUC, University of Coimbra<\/span><\/em><\/p>\n<p style=\"font-size: 11.0pt; font-family: 'Aptos',sans-serif; line-height: normal; margin: 0cm;\">Paula Ferreira<\/p>\n<p style=\"font-size: 11.0pt; font-family: 'Aptos',sans-serif; margin: 0cm 0cm 8.0pt 0cm;\"><em><span style=\"font-size: 12px; line-height: 107%;\">University of Minho<\/span><\/em><\/p>\n<p style=\"font-size: 11.0pt; font-family: 'Aptos',sans-serif; line-height: normal; margin: 0cm;\">Rafaela V. Caetano<\/p>\n<p style=\"font-size: 11.0pt; font-family: 'Aptos',sans-serif; margin: 0cm 0cm 8.0pt 0cm;\"><em><span style=\"font-size: 12px; line-height: 107%;\">University of Beira Interior<\/span><\/em><\/p>\n<p style=\"font-size: 11.0pt; font-family: 'Aptos',sans-serif; line-height: normal; margin: 0cm;\">S\u00f3nia Neves<\/p>\n<p style=\"font-size: 11.0pt; font-family: 'Aptos',sans-serif; margin: 0cm 0cm 8.0pt 0cm;\"><em><span style=\"font-size: 12px; line-height: 107%;\">University of Beira Interior<\/span><\/em><\/p>\n<p style=\"font-size: 11.0pt; font-family: 'Aptos',sans-serif; line-height: normal; margin: 0cm;\">Tiago Afonso<\/p>\n<p style=\"font-size: 11.0pt; font-family: 'Aptos',sans-serif; margin: 0cm 0cm 8.0pt 0cm;\"><em><span style=\"font-size: 12px; line-height: 107%;\">University of Beira Interior<\/span><\/em><\/p>\n<p style=\"font-size: 11.0pt; font-family: 'Aptos',sans-serif; line-height: normal; margin: 0cm;\">Victor Moutinho<\/p>\n<p style=\"font-size: 11.0pt; font-family: 'Aptos',sans-serif; margin: 0cm 0cm 8.0pt 0cm;\"><em><span style=\"font-size: 12px; line-height: 107%;\">University of Beira Interior<\/span><\/em><\/p>\n<p style=\"font-size: 11.0pt; font-family: 'Aptos',sans-serif; line-height: normal; margin: 0cm;\">Vinothkumar Kolluru<\/p>\n<p style=\"font-size: 11.0pt; font-family: 'Aptos',sans-serif; margin: 0cm 0cm 8.0pt 0cm;\"><em><span style=\"font-size: 12px; line-height: 107%;\">Stevens Institute of Technology<\/span><\/em><\/p>\n<p style=\"font-size: 11.0pt; font-family: 'Aptos',sans-serif; line-height: normal; margin: 0cm;\">Zita Vale<\/p>\n<p style=\"font-size: 11.0pt; font-family: 'Aptos',sans-serif; margin: 0cm 0cm 8.0pt 0cm;\"><em><span style=\"font-size: 12px; line-height: 107%;\">Polytechnic of Porto<\/span><\/em><\/p>\n\t\t\t\t\t\t\t\t<\/div>\n\t\t\t\t<\/div>\n\t\t\t\t\t<\/div>\n\t\t\t\t<\/div>\n\t\t<div class=\"elementor-element elementor-element-0a56d7f e-flex e-con-boxed e-con e-parent\" data-id=\"0a56d7f\" data-element_type=\"container\">\n\t\t\t\t\t<div class=\"e-con-inner\">\n\t\t\t\t<div class=\"elementor-element elementor-element-b9296ef elementor-widget elementor-widget-spacer\" data-id=\"b9296ef\" data-element_type=\"widget\" data-widget_type=\"spacer.default\">\n\t\t\t\t<div class=\"elementor-widget-container\">\n\t\t\t\t\t\t\t<div class=\"elementor-spacer\">\n\t\t\t<div class=\"elementor-spacer-inner\"><\/div>\n\t\t<\/div>\n\t\t\t\t\t\t<\/div>\n\t\t\t\t<\/div>\n\t\t\t\t\t<\/div>\n\t\t\t\t<\/div>\n\t\t<div class=\"elementor-element elementor-element-fc1f727 e-flex e-con-boxed e-con e-parent\" data-id=\"fc1f727\" data-element_type=\"container\">\n\t\t\t\t\t<div class=\"e-con-inner\">\n\t\t\t\t<div class=\"elementor-element elementor-element-8d1c66a elementor-widget elementor-widget-heading\" data-id=\"8d1c66a\" data-element_type=\"widget\" data-widget_type=\"heading.default\">\n\t\t\t\t<div class=\"elementor-widget-container\">\n\t\t\t\t\t<h2 class=\"elementor-heading-title elementor-size-default\">Organizing Committee<\/h2>\t\t\t\t<\/div>\n\t\t\t\t<\/div>\n\t\t\t\t\t<\/div>\n\t\t\t\t<\/div>\n\t\t<div class=\"elementor-element elementor-element-28cc6e7 e-flex e-con-boxed e-con e-parent\" data-id=\"28cc6e7\" data-element_type=\"container\">\n\t\t\t\t\t<div class=\"e-con-inner\">\n\t\t\t\t<div class=\"elementor-element elementor-element-b4437f0 elementor-widget elementor-widget-spacer\" data-id=\"b4437f0\" data-element_type=\"widget\" data-widget_type=\"spacer.default\">\n\t\t\t\t<div class=\"elementor-widget-container\">\n\t\t\t\t\t\t\t<div class=\"elementor-spacer\">\n\t\t\t<div class=\"elementor-spacer-inner\"><\/div>\n\t\t<\/div>\n\t\t\t\t\t\t<\/div>\n\t\t\t\t<\/div>\n\t\t\t\t\t<\/div>\n\t\t\t\t<\/div>\n\t\t<div class=\"elementor-element elementor-element-0e4daf5 e-grid e-con-boxed e-con e-parent\" data-id=\"0e4daf5\" data-element_type=\"container\">\n\t\t\t\t\t<div class=\"e-con-inner\">\n\t\t\t\t<div class=\"elementor-element elementor-element-3d8197a elementor-widget elementor-widget-text-editor\" data-id=\"3d8197a\" data-element_type=\"widget\" data-widget_type=\"text-editor.default\">\n\t\t\t\t<div class=\"elementor-widget-container\">\n\t\t\t\t\t\t\t\t\t<p style=\"font-size: 11.0pt; font-family: 'Aptos',sans-serif; line-height: normal; margin: 0cm;\">Ant\u00f3nio Marques &#8211; Chair<\/p><p style=\"font-size: 11.0pt; font-family: 'Aptos',sans-serif; margin: 0cm 0cm 8.0pt 0cm;\"><em><span style=\"font-size: 12px; line-height: 107%;\">University of Beira Interior<\/span><\/em><\/p><p style=\"font-size: 11.0pt; font-family: 'Aptos',sans-serif; line-height: normal; margin: 0cm;\">Carla Loureiro<\/p><p style=\"font-size: 11.0pt; font-family: 'Aptos',sans-serif; margin: 0cm 0cm 8.0pt 0cm;\"><em><span style=\"font-size: 12px; line-height: 107%;\">University of Beira Interior<\/span><\/em><\/p><p style=\"font-size: 11.0pt; font-family: 'Aptos',sans-serif; line-height: normal; margin: 0cm;\">Daniela Macedo<\/p><p style=\"font-size: 11.0pt; font-family: 'Aptos',sans-serif; margin: 0cm 0cm 8.0pt 0cm;\"><em><span style=\"font-size: 12px; line-height: 107%;\">University of Beira Interior<\/span><\/em><\/p><p style=\"font-size: 11.0pt; font-family: 'Aptos',sans-serif; line-height: normal; margin: 0cm;\">Diogo Pereira<\/p><p style=\"font-size: 11.0pt; font-family: 'Aptos',sans-serif; margin: 0cm 0cm 8.0pt 0cm;\"><em><span style=\"font-size: 12px; line-height: 107%;\">University of Beira Interior<\/span><\/em><\/p><p style=\"font-size: 11.0pt; font-family: 'Aptos',sans-serif; line-height: normal; margin: 0cm;\">Lu\u00eds Marques<\/p><p style=\"font-size: 11.0pt; font-family: 'Aptos',sans-serif; margin: 0cm 0cm 8.0pt 0cm;\"><em><span style=\"font-size: 12px; line-height: 107%;\">University of Beira Interior<\/span><\/em><\/p>\t\t\t\t\t\t\t\t<\/div>\n\t\t\t\t<\/div>\n\t\t\t\t<div class=\"elementor-element elementor-element-1e7a792 elementor-widget elementor-widget-text-editor\" data-id=\"1e7a792\" data-element_type=\"widget\" data-widget_type=\"text-editor.default\">\n\t\t\t\t<div class=\"elementor-widget-container\">\n\t\t\t\t\t\t\t\t\t<p style=\"font-size: 11.0pt; font-family: 'Aptos',sans-serif; line-height: normal; margin: 0cm;\">Rafaela Caetano<\/p><p style=\"font-size: 11.0pt; font-family: 'Aptos',sans-serif; margin: 0cm 0cm 8.0pt 0cm;\"><em><span style=\"font-size: 12px; line-height: 107%;\">University of Beira Interior<\/span><\/em><\/p><p style=\"font-size: 11.0pt; font-family: 'Aptos',sans-serif; line-height: normal; margin: 0cm;\">S\u00f3nia Neves<\/p><p style=\"font-size: 11.0pt; font-family: 'Aptos',sans-serif; margin: 0cm 0cm 8.0pt 0cm;\"><em><span style=\"font-size: 13px; line-height: 107%;\">University of Beira Interior<\/span><\/em><\/p><p style=\"font-size: 11.0pt; font-family: 'Aptos',sans-serif; line-height: normal; margin: 0cm;\">Tiago Afonso<\/p><p style=\"font-size: 11.0pt; font-family: 'Aptos',sans-serif; margin: 0cm 0cm 8.0pt 0cm;\"><em><span style=\"font-size: 12px; line-height: 107%;\">University of Beira Interior<\/span><\/em><\/p><p style=\"font-size: 11.0pt; font-family: 'Aptos',sans-serif; line-height: normal; margin: 0cm;\">Victor Moutinho<\/p><p style=\"font-size: 11.0pt; font-family: 'Aptos',sans-serif; margin: 0cm 0cm 8.0pt 0cm;\"><em><span style=\"font-size: 12px; line-height: 107%;\">University of Beira Interior<\/span><\/em><\/p>\t\t\t\t\t\t\t\t<\/div>\n\t\t\t\t<\/div>\n\t\t\t\t\t<\/div>\n\t\t\t\t<\/div>\n\t\t\t\t<\/div>\n\t\t","protected":false},"excerpt":{"rendered":"<p>Scientific Committee Aitor Ciarreta The University of the Basque Country, UPV\/EHU Andreas L\u00f6schel Ruhr-Universit\u00e4t Bochum Ant\u00f3nio Marques University of Beira Interior Carlos Pinho University of Aveiro David Newbery University of Cambridge Daniela Macedo University of Beira Interior Diogo Pereira University of Beira Interior Eleni Kaplani University of East Anglia Elisa Trujillo-Baute University of Lleida Isabel&#8230;<\/p>\n<p class=\"more-link\"><a href=\"https:\/\/apeen25.gapeer.ubi.pt\/?page_id=205\" class=\"themebutton3\">Read More<\/a><\/p>\n","protected":false},"author":1,"featured_media":0,"parent":0,"menu_order":0,"comment_status":"closed","ping_status":"closed","template":"","meta":{"footnotes":""},"class_list":["post-205","page","type-page","status-publish","hentry"],"_links":{"self":[{"href":"https:\/\/apeen25.gapeer.ubi.pt\/index.php?rest_route=\/wp\/v2\/pages\/205","targetHints":{"allow":["GET"]}}],"collection":[{"href":"https:\/\/apeen25.gapeer.ubi.pt\/index.php?rest_route=\/wp\/v2\/pages"}],"about":[{"href":"https:\/\/apeen25.gapeer.ubi.pt\/index.php?rest_route=\/wp\/v2\/types\/page"}],"author":[{"embeddable":true,"href":"https:\/\/apeen25.gapeer.ubi.pt\/index.php?rest_route=\/wp\/v2\/users\/1"}],"replies":[{"embeddable":true,"href":"https:\/\/apeen25.gapeer.ubi.pt\/index.php?rest_route=%2Fwp%2Fv2%2Fcomments&post=205"}],"version-history":[{"count":43,"href":"https:\/\/apeen25.gapeer.ubi.pt\/index.php?rest_route=\/wp\/v2\/pages\/205\/revisions"}],"predecessor-version":[{"id":588,"href":"https:\/\/apeen25.gapeer.ubi.pt\/index.php?rest_route=\/wp\/v2\/pages\/205\/revisions\/588"}],"wp:attachment":[{"href":"https:\/\/apeen25.gapeer.ubi.pt\/index.php?rest_route=%2Fwp%2Fv2%2Fmedia&parent=205"}],"curies":[{"name":"wp","href":"https:\/\/api.w.org\/{rel}","templated":true}]}}